{"id":439,"date":"2016-12-13T19:40:44","date_gmt":"2016-12-13T17:40:44","guid":{"rendered":"http:\/\/www.medyapaper.com\/en\/?page_id=439"},"modified":"2019-06-26T11:29:21","modified_gmt":"2019-06-26T08:29:21","slug":"contact","status":"publish","type":"page","link":"https:\/\/www.medyapaper.com\/en\/contact\/","title":{"rendered":"Contact"},"content":{"rendered":"[mk_page_section bg_image=&#8221;http:\/\/www.medyapaper.com\/wp-content\/uploads\/2016\/12\/contact-head.jpg&#8221; bg_position=&#8221;center top&#8221; bg_repeat=&#8221;no-repeat&#8221; bg_stretch=&#8221;true&#8221; enable_3d=&#8221;true&#8221; bg_gradient=&#8221;vertical&#8221; video_color_mask=&#8221;#2a363b&#8221; gr_end=&#8221;#2e2a3b&#8221; video_opacity=&#8221;0.7&#8243; min_height=&#8221;500&#8243; js_vertical_centered=&#8221;true&#8221; padding_top=&#8221;0&#8243; sidebar=&#8221;sidebar-1&#8243;][vc_column][mk_fancy_title color=&#8221;#ffffff&#8221; size=&#8221;60&#8243; force_font_size=&#8221;true&#8221; size_tablet=&#8221;40&#8243; size_phone=&#8221;30&#8243; font_weight=&#8221;300&#8243; txt_transform=&#8221;uppercase&#8221; letter_spacing=&#8221;2&#8243; margin_bottom=&#8221;0&#8243; font_family=&#8221;Alegreya+Sans&#8221; font_type=&#8221;google&#8221; align=&#8221;center&#8221;][\/mk_fancy_title][\/vc_column][\/mk_page_section][vc_row fullwidth=&#8221;true&#8221;][vc_column][mk_divider style=&#8221;thin_solid&#8221; thin_color_style=&#8221;gradient_color&#8221; thin_grandient_color_from=&#8221;#349860&#8243; thin_grandient_color_to=&#8221;#40d169&#8243; thin_gradient_color_angle=&#8221;horizontal&#8221; thin_grandient_color_fallback=&#8221;#349860&#8243; thickness=&#8221;10&#8243; margin_top=&#8221;0&#8243; margin_bottom=&#8221;0&#8243;][\/vc_column][\/vc_row][mk_page_section bg_color=&#8221;#fafafa&#8221; padding_top=&#8221;49&#8243; padding_bottom=&#8221;49&#8243; sidebar=&#8221;sidebar-1&#8243;][vc_column width=&#8221;1\/6&#8243;][\/vc_column][vc_column width=&#8221;1\/6&#8243;][mk_font_icons icon=&#8221;mk-moon-location-4&#8243; color_style=&#8221;gradient_color&#8221; grandient_color_from=&#8221;#349860&#8243; grandient_color_to=&#8221;#40d169&#8243; grandient_color_angle=&#8221;horizontal&#8221; grandient_color_fallback=&#8221;#349860&#8243; size=&#8221;x-large&#8221; align=&#8221;center&#8221;][mk_padding_divider size=&#8221;20&#8243;][mk_fancy_title tag_name=&#8221;h5&#8243; color_style=&#8221;gradient_color&#8221; grandient_color_from=&#8221;#ef5241&#8243; grandient_color_to=&#8221;#df2773&#8243; grandient_color_angle=&#8221;horizontal&#8221; grandient_color_fallback=&#8221;#ef5241&#8243; font_weight=&#8221;bold&#8221; txt_transform=&#8221;uppercase&#8221; margin_bottom=&#8221;0&#8243; font_family=&#8221;none&#8221; align=&#8221;center&#8221;]Address[\/mk_fancy_title][vc_column_text disable_pattern=&#8221;false&#8221; align=&#8221;center&#8221;]\u00d6merli Mahallesi, Had\u0131mk\u00f6y-\u0130stanbul Caddesi, No:231, 34555 Arnavutk\u00f6y \/\u0130stanbul \u2013 TURK\u0130YE[\/vc_column_text][mk_padding_divider visibility=&#8221;visible-sm&#8221;][\/vc_column][vc_column width=&#8221;1\/6&#8243;][mk_font_icons icon=&#8221;mk-moon-phone-6&#8243; color_style=&#8221;gradient_color&#8221; grandient_color_from=&#8221;#349860&#8243; grandient_color_to=&#8221;#40d169&#8243; grandient_color_angle=&#8221;horizontal&#8221; grandient_color_fallback=&#8221;#349860&#8243; size=&#8221;x-large&#8221; align=&#8221;center&#8221;][mk_padding_divider size=&#8221;20&#8243;][mk_fancy_title tag_name=&#8221;h5&#8243; color_style=&#8221;gradient_color&#8221; grandient_color_from=&#8221;#ef5241&#8243; grandient_color_to=&#8221;#df2773&#8243; grandient_color_angle=&#8221;horizontal&#8221; grandient_color_fallback=&#8221;#ef5241&#8243; font_weight=&#8221;bold&#8221; txt_transform=&#8221;uppercase&#8221; margin_bottom=&#8221;0&#8243; font_family=&#8221;none&#8221; align=&#8221;center&#8221;]telephone[\/mk_fancy_title][vc_column_text disable_pattern=&#8221;false&#8221; align=&#8221;center&#8221;]+90 212 671 30 80<br \/>\n+90 533 723 65 59<br \/>\n+90 533 897 88 84[\/vc_column_text][mk_padding_divider visibility=&#8221;visible-sm&#8221;][\/vc_column][vc_column width=&#8221;1\/6&#8243;][mk_font_icons icon=&#8221;mk-icon-fax&#8221; color_style=&#8221;gradient_color&#8221; grandient_color_from=&#8221;#349860&#8243; grandient_color_to=&#8221;#40d169&#8243; grandient_color_angle=&#8221;horizontal&#8221; grandient_color_fallback=&#8221;#349860&#8243; size=&#8221;x-large&#8221; align=&#8221;center&#8221;][mk_padding_divider size=&#8221;20&#8243;][mk_fancy_title tag_name=&#8221;h5&#8243; color_style=&#8221;gradient_color&#8221; grandient_color_from=&#8221;#ef5241&#8243; grandient_color_to=&#8221;#df2773&#8243; grandient_color_angle=&#8221;horizontal&#8221; grandient_color_fallback=&#8221;#ef5241&#8243; font_weight=&#8221;bold&#8221; txt_transform=&#8221;uppercase&#8221; margin_bottom=&#8221;0&#8243; font_family=&#8221;none&#8221; align=&#8221;center&#8221;]Fax[\/mk_fancy_title][vc_column_text disable_pattern=&#8221;false&#8221; align=&#8221;center&#8221;]+90 212 671 30 86[\/vc_column_text][mk_padding_divider visibility=&#8221;visible-sm&#8221;][\/vc_column][vc_column width=&#8221;1\/6&#8243;][mk_font_icons icon=&#8221;mk-li-mail&#8221; color_style=&#8221;gradient_color&#8221; grandient_color_from=&#8221;#349860&#8243; grandient_color_to=&#8221;#40d169&#8243; grandient_color_angle=&#8221;horizontal&#8221; grandient_color_fallback=&#8221;#349860&#8243; size=&#8221;x-large&#8221; align=&#8221;center&#8221;][mk_padding_divider size=&#8221;20&#8243;][mk_fancy_title tag_name=&#8221;h5&#8243; color_style=&#8221;gradient_color&#8221; grandient_color_from=&#8221;#ef5241&#8243; grandient_color_to=&#8221;#df2773&#8243; grandient_color_angle=&#8221;horizontal&#8221; grandient_color_fallback=&#8221;#ef5241&#8243; font_weight=&#8221;bold&#8221; txt_transform=&#8221;uppercase&#8221; margin_bottom=&#8221;0&#8243; font_family=&#8221;none&#8221; align=&#8221;center&#8221;]e-mail[\/mk_fancy_title][vc_column_text disable_pattern=&#8221;false&#8221; align=&#8221;center&#8221;]<a href=\"mailto:medya@medyapaper.com\">medya@medyapaper.com<br \/>\n<\/a><a href=\"mailto:satis@medyapaper.com\">satis@medyapaper.com<\/a>[\/vc_column_text][mk_padding_divider size=&#8221;20&#8243;][\/vc_column][vc_column width=&#8221;1\/6&#8243;][mk_font_icons icon=&#8221;mk-moon-bubbles-4&#8243; color_style=&#8221;gradient_color&#8221; grandient_color_from=&#8221;#349860&#8243; grandient_color_to=&#8221;#40d169&#8243; grandient_color_angle=&#8221;horizontal&#8221; grandient_color_fallback=&#8221;#349860&#8243; size=&#8221;x-large&#8221; align=&#8221;center&#8221;][mk_padding_divider size=&#8221;21&#8243;][mk_fancy_title tag_name=&#8221;h5&#8243; color_style=&#8221;gradient_color&#8221; grandient_color_from=&#8221;#ef5241&#8243; grandient_color_to=&#8221;#df2773&#8243; grandient_color_angle=&#8221;horizontal&#8221; grandient_color_fallback=&#8221;#ef5241&#8243; font_weight=&#8221;bold&#8221; txt_transform=&#8221;uppercase&#8221; margin_bottom=&#8221;0&#8243; font_family=&#8221;none&#8221; align=&#8221;center&#8221;]Social media[\/mk_fancy_title][vc_column_text disable_pattern=&#8221;false&#8221; align=&#8221;center&#8221;]Facebook<br \/>\nTwitter<br \/>\nInstagram[\/vc_column_text][mk_padding_divider size=&#8221;20&#8243;][\/vc_column][\/mk_page_section][vc_row][vc_column][mk_padding_divider size=&#8221;30&#8243;][\/vc_column][\/vc_row][vc_row][vc_column width=&#8221;1\/2&#8243;][mk_fancy_title tag_name=&#8221;h4&#8243; color_style=&#8221;gradient_color&#8221; grandient_color_from=&#8221;#349860&#8243; grandient_color_to=&#8221;#40d169&#8243; grandient_color_fallback=&#8221;#349860&#8243; size=&#8221;44&#8243; force_font_size=&#8221;true&#8221; size_phone=&#8221;60&#8243; line_height=&#8221;80&#8243; font_weight=&#8221;300&#8243; letter_spacing=&#8221;2&#8243; margin_bottom=&#8221;0&#8243; font_family=&#8221;Alegreya+Sans&#8221; font_type=&#8221;google&#8221; align=&#8221;center&#8221;]SEND US AN EMAIL[\/mk_fancy_title][vc_column_text align=&#8221;right&#8221; margin_bottom=&#8221;5&#8243; animation=&#8221;fade-in&#8221;]\n\n<!-- Fast Secure Contact Form plugin 4.0.46 - begin - FastSecureContactForm.com -->\r\n<div style=\"clear:both;\"><\/div>\n\r\n<div id=\"FSContact3\" style=\"width:99%; max-width:800px;\">\r\n<form action=\"https:\/\/www.medyapaper.com\/en\/wp-json\/wp\/v2\/pages\/439#FSContact3\" id=\"fscf_form3\" method=\"post\">\r\n\n<div id=\"fscf_div_clear3_7\" style=\"clear:both;\">\n  <div id=\"fscf_div_field3_7\" style=\"clear:left; float:left; width:99%; max-width:250px; margin-right:10px;\">\n    <div  id=\"fscf_label3_7\" style=\"text-align:left; padding-top:5px;\">\r\n      <label style=\"text-align:left;\" for=\"fscf_field3_7\">First Name:<span style=\"text-align:left;\">*<\/span><\/label>\n    <\/div>\n    <div style=\"text-align:left;\">\n      <input style=\"text-align:left; margin:0; width:99%; max-width:250px;\" type=\"text\" id=\"fscf_field3_7\" name=\"Your-Name\" value=\"\"  \/>\n    <\/div>\n  <\/div>\n  <div id=\"fscf_div_follow3_5\" style=\"float:left; padding-left:10px; width:99%; max-width:250px;\">\n    <div  id=\"fscf_label3_5\" style=\"text-align:left; padding-top:5px;\">\r\n      <label style=\"text-align:left;\" for=\"fscf_field3_5\">Last Name:<span style=\"text-align:left;\">*<\/span><\/label>\n    <\/div>\n    <div style=\"text-align:left;\">\n      <input style=\"text-align:left; margin:0; width:99%; max-width:250px;\" type=\"text\" id=\"fscf_field3_5\" name=\"soyadiniz\" value=\"\"  \/>\n    <\/div>\n  <\/div>\n<\/div>\n\n<div id=\"fscf_div_clear3_9\" style=\"clear:both;\">\n  <div id=\"fscf_div_field3_9\" style=\"clear:left; float:left; width:99%; max-width:250px; margin-right:10px;\">\n    <div  id=\"fscf_label3_9\" style=\"text-align:left; padding-top:5px;\">\r\n      <label style=\"text-align:left;\" for=\"fscf_field3_9\">E-Mail Address:<span style=\"text-align:left;\">*<\/span><\/label>\n    <\/div>\n    <div style=\"text-align:left;\">\n      <input style=\"text-align: left;     margin: 0;     width: 99%;     max-width: 222px;\" type=\"email\" id=\"fscf_field3_9\" name=\"E-Mail-Address\" value=\"\"  \/>\n    <\/div>\n  <\/div>\n  <div id=\"fscf_div_follow3_6\" style=\"float:left; padding-left:10px; width:99%; max-width:250px;\">\n    <div  id=\"fscf_label3_6\" style=\"text-align:left; padding-top:5px;\">\r\n      <label style=\"text-align:left;\" for=\"fscf_field3_6\">Phone Number:<span style=\"text-align:left;\">*<\/span><\/label>\n    <\/div>\n    <div style=\"text-align:left;\">\n      <input style=\"text-align:left; margin:0; width:99%; max-width:250px;\" type=\"text\" id=\"fscf_field3_6\" name=\"gsm\" value=\"\"  \/>\n    <\/div>\n  <\/div>\n<\/div>\n\n<div id=\"fscf_div_clear3_8\" style=\"clear:both;\">\n  <div id=\"fscf_div_field3_8\" style=\"clear:left; float:left; width:99%; max-width:550px; margin-right:10px;\">\n    <div  id=\"fscf_label3_8\" style=\"text-align:left; padding-top:5px;\">\r\n      <label style=\"text-align:left;\" for=\"fscf_field3_8\">Message:<span style=\"text-align:left;\">*<\/span><\/label>\n    <\/div>\n    <div style=\"text-align:left;\">\n      <textarea style=\"text-align:left; margin:0; width:99%; max-width:250px; height:120px;\" id=\"fscf_field3_8\" name=\"New-Field\" cols=\"30\" rows=\"10\" ><\/textarea>\n    <\/div>\n  <\/div>\n<\/div>\r\n<div style=\"clear:both;\"><\/div>\n\n<div id=\"fscf_submit_div3\" style=\"text-align:left; clear:both; padding-top:15px;\">\r\n\t\t<input type=\"submit\" id=\"fscf_submit3\" style=\"cursor:pointer; margin:0;\" value=\"Submit\"  onclick=\"this.disabled=true; this.value='Submitting...'; this.form.submit();\" \/> \n<\/div>\n\n<input type=\"hidden\" name=\"fscf_submitted\" value=\"0\" \/>\n<input type=\"hidden\" name=\"fs_postonce_3\" value=\"2c3989dc5a0a2d243e18c1211b9a2008,1778901989\" \/>\n<input type=\"hidden\" name=\"si_contact_action\" value=\"send\" \/>\n<input type=\"hidden\" name=\"form_id\" value=\"3\" \/>\n<input type=\"hidden\" name=\"mailto_id\" value=\"1\" \/>\n\n<\/form>\n<\/div>\r\n<div style=\"clear:both;\"><\/div>\n\n<!-- Fast Secure Contact Form plugin 4.0.46 - end - FastSecureContactForm.com -->\n[\/vc_column_text][\/vc_column][vc_column width=&#8221;1\/2&#8243;][mk_fancy_title tag_name=&#8221;h4&#8243; color_style=&#8221;gradient_color&#8221; grandient_color_from=&#8221;#349860&#8243; grandient_color_to=&#8221;#40d169&#8243; grandient_color_fallback=&#8221;#349860&#8243; size=&#8221;44&#8243; force_font_size=&#8221;true&#8221; size_phone=&#8221;60&#8243; line_height=&#8221;80&#8243; font_weight=&#8221;300&#8243; letter_spacing=&#8221;2&#8243; margin_bottom=&#8221;0&#8243; font_family=&#8221;Alegreya+Sans&#8221; font_type=&#8221;google&#8221; align=&#8221;center&#8221;]MAP[\/mk_fancy_title][vc_gmaps link=&#8221;#E-8_JTNDaWZyYW1lJTIwc3JjJTNEJTIyaHR0cHMlM0ElMkYlMkZ3d3cuZ29vZ2xlLmNvbSUyRm1hcHMlMkZlbWJlZCUzRnBiJTNEJTIxMW0xOCUyMTFtMTIlMjExbTMlMjExZDMwMDYuMjQ4MjEzMTI5ODQ3NSUyMTJkMjguNjMxNzEzMjQzMDk5OTU2JTIxM2Q0MS4xMDcyNjk4ODQyNDcyJTIxMm0zJTIxMWYwJTIxMmYwJTIxM2YwJTIxM20yJTIxMWkxMDI0JTIxMmk3NjglMjE0ZjEzLjElMjEzbTMlMjExbTIlMjExczB4MTRiNTU4MzYxOTBjY2EyMyUyNTNBMHhkMWRlMmY3NDRmYjkwOWYxJTIxMnp3NVp0WlhKc2FTQk5ZV2hoYkd4bGMya3NJRWhoWk1TeGJXdkR0bmt0eExCemRHRnVZblZzSUVOa0xpd2dNelExTlRVZ1FYSnVZWFoxZEd2RHRua3Z4TEJ6ZEdGdVluVnMlMjE1ZTAlMjEzbTIlMjExc3RyJTIxMnN0ciUyMTR2MTU2MTUzNzY4MTcyOCUyMTVtMiUyMTFzdHIlMjEyc3RyJTIyJTIwd2lkdGglM0QlMjI2MDAlMjIlMjBoZWlnaHQlM0QlMjI0NTAlMjIlMjBmcmFtZWJvcmRlciUzRCUyMjAlMjIlMjBzdHlsZSUzRCUyMmJvcmRlciUzQTAlMjIlMjBhbGxvd2Z1bGxzY3JlZW4lM0UlM0MlMkZpZnJhbWUlM0U=&#8221;][\/vc_column][\/vc_row]\n","protected":false},"excerpt":{"rendered":"<p>[mk_page_section bg_image=&#8221;http:\/\/www.medyapaper.com\/wp-content\/uploads\/2016\/12\/contact-head.jpg&#8221; bg_position=&#8221;center top&#8221; bg_repeat=&#8221;no-repeat&#8221; bg_stretch=&#8221;true&#8221; enable_3d=&#8221;true&#8221; bg_gradient=&#8221;vertical&#8221; video_color_mask=&#8221;#2a363b&#8221; gr_end=&#8221;#2e2a3b&#8221; video_opacity=&#8221;0.7&#8243; min_height=&#8221;500&#8243; js_vertical_centered=&#8221;true&#8221; padding_top=&#8221;0&#8243; sidebar=&#8221;sidebar-1&#8243;][vc_column][mk_fancy_title color=&#8221;#ffffff&#8221; size=&#8221;60&#8243; force_font_size=&#8221;true&#8221; size_tablet=&#8221;40&#8243; size_phone=&#8221;30&#8243; font_weight=&#8221;300&#8243; txt_transform=&#8221;uppercase&#8221; letter_spacing=&#8221;2&#8243; margin_bottom=&#8221;0&#8243; font_family=&#8221;Alegreya+Sans&#8221; font_type=&#8221;google&#8221; align=&#8221;center&#8221;][\/mk_fancy_title][\/vc_column][\/mk_page_section][vc_row fullwidth=&#8221;true&#8221;][vc_column][mk_divider style=&#8221;thin_solid&#8221; thin_color_style=&#8221;gradient_color&#8221; thin_grandient_color_from=&#8221;#349860&#8243; thin_grandient_color_to=&#8221;#40d169&#8243; thin_gradient_color_angle=&#8221;horizontal&#8221; thin_grandient_color_fallback=&#8221;#349860&#8243; thickness=&#8221;10&#8243; margin_top=&#8221;0&#8243; margin_bottom=&#8221;0&#8243;][\/vc_column][\/vc_row][mk_page_section bg_color=&#8221;#fafafa&#8221; padding_top=&#8221;49&#8243; padding_bottom=&#8221;49&#8243; sidebar=&#8221;sidebar-1&#8243;][vc_column width=&#8221;1\/6&#8243;][\/vc_column][vc_column width=&#8221;1\/6&#8243;][mk_font_icons icon=&#8221;mk-moon-location-4&#8243; color_style=&#8221;gradient_color&#8221; grandient_color_from=&#8221;#349860&#8243; grandient_color_to=&#8221;#40d169&#8243; grandient_color_angle=&#8221;horizontal&#8221; grandient_color_fallback=&#8221;#349860&#8243; size=&#8221;x-large&#8221; align=&#8221;center&#8221;][mk_padding_divider size=&#8221;20&#8243;][mk_fancy_title tag_name=&#8221;h5&#8243; color_style=&#8221;gradient_color&#8221; grandient_color_from=&#8221;#ef5241&#8243; [&hellip;]<\/p>\n","protected":false},"author":1,"featured_media":0,"parent":0,"menu_order":0,"comment_status":"closed","ping_status":"closed","template":"","meta":[],"_links":{"self":[{"href":"https:\/\/www.medyapaper.com\/en\/wp-json\/wp\/v2\/pages\/439"}],"collection":[{"href":"https:\/\/www.medyapaper.com\/en\/wp-json\/wp\/v2\/pages"}],"about":[{"href":"https:\/\/www.medyapaper.com\/en\/wp-json\/wp\/v2\/types\/page"}],"author":[{"embeddable":true,"href":"https:\/\/www.medyapaper.com\/en\/wp-json\/wp\/v2\/users\/1"}],"replies":[{"embeddable":true,"href":"https:\/\/www.medyapaper.com\/en\/wp-json\/wp\/v2\/comments?post=439"}],"version-history":[{"count":20,"href":"https:\/\/www.medyapaper.com\/en\/wp-json\/wp\/v2\/pages\/439\/revisions"}],"predecessor-version":[{"id":620,"href":"https:\/\/www.medyapaper.com\/en\/wp-json\/wp\/v2\/pages\/439\/revisions\/620"}],"wp:attachment":[{"href":"https:\/\/www.medyapaper.com\/en\/wp-json\/wp\/v2\/media?parent=439"}],"curies":[{"name":"wp","href":"https:\/\/api.w.org\/{rel}","templated":true}]}}